{"id":6,"date":"2016-09-29T14:42:20","date_gmt":"2016-09-29T12:42:20","guid":{"rendered":"https:\/\/easygerman.ch\/?page_id=6"},"modified":"2017-02-06T16:51:01","modified_gmt":"2017-02-06T15:51:01","slug":"home","status":"publish","type":"page","link":"https:\/\/www.easygerman.ch\/de\/","title":{"rendered":"Home"},"content":{"rendered":"<h1>Deutsch und Schweizerdeutsch lernen!<\/h1>\n<h2>Wo m\u00f6chten Sie lernen?<\/h2>\n<p>W\u00e4hlen Sie den von Ihnen bevorzugten Lernort: M\u00f6chten Sie Sprachtraining bei Ihnen zuhause oder in Ihrer Firma?<\/p>\n<p>Das Training kann auch in einem Restaurant\/Caf\u00e9 Ihrer Wahl stattfinden (nicht w\u00e4hrend der Mittagszeit). Eine ruhige Atmosph\u00e4re ist unerl\u00e4sslich f\u00fcr den Lernprozess. Wir beraten Sie gerne.<\/p>\n<h2>Lektionen zuhause \/ in Ihrem B\u00fcro<\/h2>\n<p>Sie w\u00e4hlen, ob Ihr Sprachtrainier Sie zuhause oder in Ihrer Firma besucht. Sie sparen Reisezeit und profitieren von der entspannten Atmosph\u00e4re Ihrer pers\u00f6nlichen Umgebung. Sollten Sie das Training in Ihrer Firma bevorzugen, empfehlen wir Ihnen die Wahl eines Sitzungszimmers oder einer ruhigen Ecke, um Ablenkungen vom Lernen zu vermeiden.<\/p>\n<h2>Learning by doing<\/h2>\n<p>M\u00f6chten Sie Ihre neu erworbenen Sprachkenntnisse im t\u00e4glichen Leben anwenden? Ihr Sprachtrainer wird Sie beim Shopping, Sightseeing, ins Restaurant oder auf einem Spaziergang durch Zug, Z\u00fcrich oder nahen Regionen begleiten. <\/p>\n<p>Eine Kombination des Lernens drinnen und draussen erlaubt Ihnen, Ihr Vokabular und das fliessende Sprechen stetig zu verbessern und das Vertrauen in die Anwendung der Sprache aufzubauen.<\/p>\n","protected":false},"excerpt":{"rendered":"<p>Deutsch und Schweizerdeutsch lernen! Wo m\u00f6chten Sie lernen? W\u00e4hlen Sie den von Ihnen bevorzugten Lernort: M\u00f6chten Sie Sprachtraining bei Ihnen zuhause oder in Ihrer Firma? Das Training kann auch in einem Restaurant\/Caf\u00e9 Ihrer Wahl stattfinden (nicht w\u00e4hrend der Mittagszeit). Eine ruhige Atmosph\u00e4re ist unerl\u00e4sslich f\u00fcr den Lernprozess. Wir beraten Sie gerne. Lektionen zuhause \/ in  [&#8230;]<\/p>\n","protected":false},"author":2,"featured_media":0,"parent":0,"menu_order":0,"comment_status":"closed","ping_status":"closed","template":"","meta":{"footnotes":""},"class_list":["post-6","page","type-page","status-publish","hentry"],"yoast_head":"<!-- This site is optimized with the Yoast SEO plugin v27.3 - https:\/\/yoast.com\/product\/yoast-seo-wordpress\/ -->\n<title>EasyGerman - Deutsch und Schweizerdeutsch lernen!<\/title>\n<meta name=\"description\" content=\"Deutsch und Schweizerdeutsch (Schwiizert\u00fctsch) lernen! Lektionen zuhause \/ in Ihrem B\u00fcro! EasyGerman: Individual - Efficient - Fun.\" \/>\n<meta name=\"robots\" content=\"index, follow, max-snippet:-1, max-image-preview:large, max-video-preview:-1\" \/>\n<link rel=\"canonical\" href=\"https:\/\/www.easygerman.ch\/de\/\" \/>\n<meta property=\"og:locale\" content=\"de_DE\" \/>\n<meta property=\"og:type\" content=\"article\" \/>\n<meta property=\"og:title\" content=\"EasyGerman - Deutsch und Schweizerdeutsch lernen!\" \/>\n<meta property=\"og:description\" content=\"Deutsch und Schweizerdeutsch (Schwiizert\u00fctsch) lernen! Lektionen zuhause \/ in Ihrem B\u00fcro! EasyGerman: Individual - Efficient - Fun.\" \/>\n<meta property=\"og:url\" content=\"https:\/\/www.easygerman.ch\/de\/\" \/>\n<meta property=\"og:site_name\" content=\"EasyGerman\" \/>\n<meta property=\"article:modified_time\" content=\"2017-02-06T15:51:01+00:00\" \/>\n<meta name=\"twitter:card\" content=\"summary_large_image\" \/>\n<meta name=\"twitter:label1\" content=\"Gesch\u00e4tzte Lesezeit\" \/>\n\t<meta name=\"twitter:data1\" content=\"1 minute\" \/>\n<script type=\"application\/ld+json\" class=\"yoast-schema-graph\">{\"@context\":\"https:\\\/\\\/schema.org\",\"@graph\":[{\"@type\":\"WebPage\",\"@id\":\"https:\\\/\\\/www.easygerman.ch\\\/de\\\/\",\"url\":\"https:\\\/\\\/www.easygerman.ch\\\/de\\\/\",\"name\":\"EasyGerman - Deutsch und Schweizerdeutsch lernen!\",\"isPartOf\":{\"@id\":\"https:\\\/\\\/www.easygerman.ch\\\/#website\"},\"datePublished\":\"2016-09-29T12:42:20+00:00\",\"dateModified\":\"2017-02-06T15:51:01+00:00\",\"description\":\"Deutsch und Schweizerdeutsch (Schwiizert\u00fctsch) lernen! Lektionen zuhause \\\/ in Ihrem B\u00fcro! EasyGerman: Individual - Efficient - Fun.\",\"breadcrumb\":{\"@id\":\"https:\\\/\\\/www.easygerman.ch\\\/de\\\/#breadcrumb\"},\"inLanguage\":\"de-DE\",\"potentialAction\":[{\"@type\":\"ReadAction\",\"target\":[\"https:\\\/\\\/www.easygerman.ch\\\/de\\\/\"]}]},{\"@type\":\"BreadcrumbList\",\"@id\":\"https:\\\/\\\/www.easygerman.ch\\\/de\\\/#breadcrumb\",\"itemListElement\":[{\"@type\":\"ListItem\",\"position\":1,\"name\":\"Home\",\"item\":\"https:\\\/\\\/www.easygerman.ch\\\/de\\\/\"},{\"@type\":\"ListItem\",\"position\":2,\"name\":\"Home\"}]},{\"@type\":\"WebSite\",\"@id\":\"https:\\\/\\\/www.easygerman.ch\\\/#website\",\"url\":\"https:\\\/\\\/www.easygerman.ch\\\/\",\"name\":\"EasyGerman\",\"description\":\"\",\"potentialAction\":[{\"@type\":\"SearchAction\",\"target\":{\"@type\":\"EntryPoint\",\"urlTemplate\":\"https:\\\/\\\/www.easygerman.ch\\\/?s={search_term_string}\"},\"query-input\":{\"@type\":\"PropertyValueSpecification\",\"valueRequired\":true,\"valueName\":\"search_term_string\"}}],\"inLanguage\":\"de-DE\"}]}<\/script>\n<!-- \/ Yoast SEO plugin. -->","yoast_head_json":{"title":"EasyGerman - Deutsch und Schweizerdeutsch lernen!","description":"Deutsch und Schweizerdeutsch (Schwiizert\u00fctsch) lernen! Lektionen zuhause \/ in Ihrem B\u00fcro! EasyGerman: Individual - Efficient - Fun.","robots":{"index":"index","follow":"follow","max-snippet":"max-snippet:-1","max-image-preview":"max-image-preview:large","max-video-preview":"max-video-preview:-1"},"canonical":"https:\/\/www.easygerman.ch\/de\/","og_locale":"de_DE","og_type":"article","og_title":"EasyGerman - Deutsch und Schweizerdeutsch lernen!","og_description":"Deutsch und Schweizerdeutsch (Schwiizert\u00fctsch) lernen! Lektionen zuhause \/ in Ihrem B\u00fcro! EasyGerman: Individual - Efficient - Fun.","og_url":"https:\/\/www.easygerman.ch\/de\/","og_site_name":"EasyGerman","article_modified_time":"2017-02-06T15:51:01+00:00","twitter_card":"summary_large_image","twitter_misc":{"Gesch\u00e4tzte Lesezeit":"1 minute"},"schema":{"@context":"https:\/\/schema.org","@graph":[{"@type":"WebPage","@id":"https:\/\/www.easygerman.ch\/de\/","url":"https:\/\/www.easygerman.ch\/de\/","name":"EasyGerman - Deutsch und Schweizerdeutsch lernen!","isPartOf":{"@id":"https:\/\/www.easygerman.ch\/#website"},"datePublished":"2016-09-29T12:42:20+00:00","dateModified":"2017-02-06T15:51:01+00:00","description":"Deutsch und Schweizerdeutsch (Schwiizert\u00fctsch) lernen! Lektionen zuhause \/ in Ihrem B\u00fcro! EasyGerman: Individual - Efficient - Fun.","breadcrumb":{"@id":"https:\/\/www.easygerman.ch\/de\/#breadcrumb"},"inLanguage":"de-DE","potentialAction":[{"@type":"ReadAction","target":["https:\/\/www.easygerman.ch\/de\/"]}]},{"@type":"BreadcrumbList","@id":"https:\/\/www.easygerman.ch\/de\/#breadcrumb","itemListElement":[{"@type":"ListItem","position":1,"name":"Home","item":"https:\/\/www.easygerman.ch\/de\/"},{"@type":"ListItem","position":2,"name":"Home"}]},{"@type":"WebSite","@id":"https:\/\/www.easygerman.ch\/#website","url":"https:\/\/www.easygerman.ch\/","name":"EasyGerman","description":"","potentialAction":[{"@type":"SearchAction","target":{"@type":"EntryPoint","urlTemplate":"https:\/\/www.easygerman.ch\/?s={search_term_string}"},"query-input":{"@type":"PropertyValueSpecification","valueRequired":true,"valueName":"search_term_string"}}],"inLanguage":"de-DE"}]}},"_links":{"self":[{"href":"https:\/\/www.easygerman.ch\/de\/wp-json\/wp\/v2\/pages\/6","targetHints":{"allow":["GET"]}}],"collection":[{"href":"https:\/\/www.easygerman.ch\/de\/wp-json\/wp\/v2\/pages"}],"about":[{"href":"https:\/\/www.easygerman.ch\/de\/wp-json\/wp\/v2\/types\/page"}],"author":[{"embeddable":true,"href":"https:\/\/www.easygerman.ch\/de\/wp-json\/wp\/v2\/users\/2"}],"replies":[{"embeddable":true,"href":"https:\/\/www.easygerman.ch\/de\/wp-json\/wp\/v2\/comments?post=6"}],"version-history":[{"count":5,"href":"https:\/\/www.easygerman.ch\/de\/wp-json\/wp\/v2\/pages\/6\/revisions"}],"predecessor-version":[{"id":167,"href":"https:\/\/www.easygerman.ch\/de\/wp-json\/wp\/v2\/pages\/6\/revisions\/167"}],"wp:attachment":[{"href":"https:\/\/www.easygerman.ch\/de\/wp-json\/wp\/v2\/media?parent=6"}],"curies":[{"name":"wp","href":"https:\/\/api.w.org\/{rel}","templated":true}]}}